{"id":740,"date":"2024-10-12T08:43:57","date_gmt":"2024-10-12T08:43:57","guid":{"rendered":"https:\/\/kraftwerk-mels.ch\/?page_id=740"},"modified":"2026-04-23T15:16:07","modified_gmt":"2026-04-23T15:16:07","slug":"aktuell-im-kraftwerk","status":"publish","type":"page","link":"https:\/\/kraftwerk-mels.ch\/index.php\/aktuell-im-kraftwerk\/","title":{"rendered":"AKTUELL"},"content":{"rendered":"<div class=\"wpb-content-wrapper\"><p>[vc_row dfd_enable_overlay=&#8220;&#8220;][vc_column]<div class=\"dfd-spacer-module\"  data-units=\"px\" data-wide_resolution=\"1280\" data-wide_size=\"0\" data-normal_resolution=\"1024\" data-normal_size=\"0\" data-tablet_resolution=\"800\" data-tablet_size=\"0\" data-mobile_resolution=\"480\" data-mobile_size=\"0\" style=\"height: 0px;\"><\/div>[\/vc_column][\/vc_row][vc_row bg_check=&#8220;row-background-dark&#8220; dfd_bg_style=&#8220;canvas&#8220; dfd_enable_overlay=&#8220;&#8220; dfd_row_responsive_enable=&#8220;dfd-row-responsive-enable&#8220; responsive_styles=&#8220;padding_left_mobile:10|padding_right_mobile:10&#8243;][vc_column]<div class=\"dfd-spacer-module\"  data-units=\"px\" data-wide_resolution=\"1280\" data-wide_size=\"105\" data-normal_resolution=\"1024\" data-normal_size=\"100\" data-tablet_resolution=\"800\" data-tablet_size=\"100\" data-mobile_resolution=\"480\" data-mobile_size=\"80\" style=\"height: 105px;\"><\/div><div class=\"dfd-heading-shortcode\"><div class=\"dfd-heading-module-wrap  text-center style_01 cr-animate-gen dfd-heading-6a04c24fe1740 dfd-disable-resposive-headings\" id=\"dfd-heading-6a04c24fe1740\" data-animate-type = \"transition.expandIn\" ><div class=\"inline-block\"><div class=\"dfd-heading-module\"><h2 class=\"widget-title dfd-title \" style=\"font-size: 37px; color: #000000 !important; line-height: 24px; \">AKTUELL<\/p>\n<p>&nbsp;<\/p>\n<p><\/h2><\/div><\/div><\/div><script type=\"text\/javascript\">\r\n\t\t\t\t\t\t\t\t\t(function($) {\r\n\t\t\t\t\t\t\t\t\t\t$(\"head\").append(\"<style>.dfd-heading-6a04c24fe1740.dfd-heading-module-wrap .dfd-heading-module .dfd-heading-delimiter {margin-top:10px;margin-bottom:10px;}@media (max-width: 1023px) and (min-width: 800px){.dfd-heading-6a04c24fe1740 .dfd-title{font-size: 30px !important;line-height: 38px !important;}}@media (max-width: 799px){.dfd-heading-6a04c24fe1740 .dfd-title{font-size: 28px !important;line-height: 36px !important;}}<\/style>\");\r\n\t\t\t\t\t\t\t\t\t})(jQuery);\r\n\t\t\t\t\t\t\t\t<\/script><\/div>[vc_column_text css=&#8220;&#8220;]<\/p>\n<p style=\"text-align: center; color: #a7a7a7;\">Kraftwerk Mels<\/p>\n<p>[\/vc_column_text]<div class=\"dfd-spacer-module\"  data-units=\"px\" data-wide_resolution=\"1280\" data-wide_size=\"505\" data-normal_resolution=\"1024\" data-normal_size=\"500\" data-tablet_resolution=\"800\" data-tablet_size=\"500\" data-mobile_resolution=\"480\" data-mobile_size=\"200\" style=\"height: 505px;\"><\/div>[\/vc_column][\/vc_row][vc_row dfd_bg_style=&#8220;image&#8220; dfd_enable_overlay=&#8220;&#8220; dfd_row_responsive_enable=&#8220;dfd-row-responsive-enable&#8220; responsive_styles=&#8220;padding_left_desktop:20|padding_right_desktop:20|padding_left_tablet:20|padding_right_tablet:20|padding_left_mobile:20|padding_right_mobile:20&#8243;][vc_column dfd_column_responsive_enable=&#8220;dfd-column-responsive-enable&#8220; col_shadow=&#8220;box_shadow_enable:enable|shadow_horizontal:0|shadow_vertical:35|shadow_blur:70|shadow_spread:-20|box_shadow_color:rgba(0%2C0%2C0%2C0.35)&#8220; col_shadow_hover=&#8220;box_shadow_enable:enable|shadow_horizontal:0|shadow_vertical:35|shadow_blur:70|shadow_spread:-20|box_shadow_color:rgba(0%2C0%2C0%2C0.35)&#8220; css=&#8220;.vc_custom_1628159408560{margin-top: -407px !important;background-color: #ffffff !important;}&#8220; responsive_styles=&#8220;margin_top_mobile:-150&#8243;][vc_row_inner][vc_column_inner width=&#8220;1\/2&#8243; dfd_column_responsive_enable=&#8220;dfd-column-responsive-enable&#8220; css=&#8220;.vc_custom_1734818106982{padding-right: 5% !important;padding-left: 5% !important;}&#8220; col_inner_shadow=&#8220;box_shadow_enable:disable|shadow_horizontal:0|shadow_vertical:15|shadow_blur:50|shadow_spread:0|box_shadow_color:rgba(0%2C0%2C0%2C0.35)&#8220; col_inner_shadow_hover=&#8220;box_shadow_enable:disable|shadow_horizontal:0|shadow_vertical:15|shadow_blur:50|shadow_spread:0|box_shadow_color:rgba(0%2C0%2C0%2C0.35)&#8220; responsive_styles=&#8220;padding_left_tablet:20|padding_right_tablet:20&#8243;]<div class=\"dfd-spacer-module\"  data-units=\"px\" data-wide_resolution=\"1280\" data-wide_size=\"50\" data-normal_resolution=\"1024\" data-normal_size=\"50\" data-tablet_resolution=\"800\" data-tablet_size=\"50\" data-mobile_resolution=\"480\" data-mobile_size=\"50\" style=\"height: 50px;\"><\/div>[vc_column_text css=&#8220;&#8220; item_animation=&#8220;transition.slideLeftBigIn&#8220;]<\/p>\n<h3 style=\"text-align: center;\"><strong>OSTER-BRUNCH<\/strong><\/h3>\n<p style=\"text-align: center;\">Oster-Sonntag, 5. April 2026 \u00a09:00-13:00 Uhr<\/p>\n<p class=\"isSelectedEnd\" style=\"text-align: center;\">Von verschiedensten Brotsorten, Konfit\u00fcren und anderen Aufstrichen \u00fcber Cerealien, Fleischplatten und frische Salate bis hin zu warmen Gerichten. Nat\u00fcrlich darf auch ein reichhaltiges Dessertbuffet nicht fehlen \u2013 hier ist f\u00fcr jeden Geschmack etwas dabei.<\/p>\n<p style=\"text-align: center;\" align=\"center\"><strong>CHF 49.\u2013 pro Person<\/strong><br \/>\ninkl. 1 Glas Prosecco<\/p>\n<p>[\/vc_column_text][vc_column_text css=&#8220;&#8220; item_animation=&#8220;transition.slideRightBigIn&#8220;][\/vc_column_text]<div class=\"dfd-spacer-module\"  data-units=\"px\" data-wide_resolution=\"1280\" data-wide_size=\"\" data-normal_resolution=\"1024\" data-normal_size=\"\" data-tablet_resolution=\"800\" data-tablet_size=\"50\" data-mobile_resolution=\"480\" data-mobile_size=\"50\" style=\"height: px;\"><\/div>[\/vc_column_inner][vc_column_inner width=&#8220;1\/2&#8243; css=&#8220;.vc_custom_1772879988384{padding-right: 0px !important;padding-left: 0px !important;background-image: url(https:\/\/kraftwerk-mels.ch\/wp-content\/uploads\/2025\/03\/modern-easter-eggs-with-spring-flowers-and-bunny-i-2023-11-27-05-29-28-utc.jpg?id=1162) !important;background-position: center !important;background-repeat: no-repeat !important;background-size: cover !important;}&#8220; col_inner_shadow=&#8220;box_shadow_enable:disable|shadow_horizontal:0|shadow_vertical:15|shadow_blur:50|shadow_spread:0|box_shadow_color:rgba(0%2C0%2C0%2C0.35)&#8220; col_inner_shadow_hover=&#8220;box_shadow_enable:disable|shadow_horizontal:0|shadow_vertical:15|shadow_blur:50|shadow_spread:0|box_shadow_color:rgba(0%2C0%2C0%2C0.35)&#8220; offset=&#8220;vc_hidden-xs&#8220;]<div class=\"dfd-spacer-module\"  data-units=\"px\" data-wide_resolution=\"1280\" data-wide_size=\"362\" data-normal_resolution=\"1024\" data-normal_size=\"360\" data-tablet_resolution=\"800\" data-tablet_size=\"385\" data-mobile_resolution=\"480\" data-mobile_size=\"250\" style=\"height: 362px;\"><\/div>[\/vc_column_inner][\/vc_row_inner][vc_row_inner dfd_row_responsive_enable=&#8220;dfd-row-responsive-enable&#8220; css=&#8220;.vc_custom_1487250786798{border-bottom-width: 0px !important;border-bottom-color: #f7f5f5 !important;border-bottom-style: solid !important;}&#8220; responsive_styles=&#8220;border_bottom_mobile:1&#8243;][vc_column_inner width=&#8220;1\/2&#8243; css=&#8220;.vc_custom_1772987761005{padding-right: 0px !important;padding-left: 0px !important;background-image: url(https:\/\/kraftwerk-mels.ch\/wp-content\/uploads\/2025\/04\/close-up-of-greeting-bouquet-2024-10-18-06-38-51-utc.jpg?id=1178) !important;background-position: center !important;background-repeat: no-repeat !important;background-size: cover !important;}&#8220; col_inner_shadow=&#8220;box_shadow_enable:disable|shadow_horizontal:0|shadow_vertical:15|shadow_blur:50|shadow_spread:0|box_shadow_color:rgba(0%2C0%2C0%2C0.35)&#8220; col_inner_shadow_hover=&#8220;box_shadow_enable:disable|shadow_horizontal:0|shadow_vertical:15|shadow_blur:50|shadow_spread:0|box_shadow_color:rgba(0%2C0%2C0%2C0.35)&#8220;]<div class=\"dfd-spacer-module\"  data-units=\"px\" data-wide_resolution=\"1280\" data-wide_size=\"362\" data-normal_resolution=\"1024\" data-normal_size=\"360\" data-tablet_resolution=\"800\" data-tablet_size=\"385\" data-mobile_resolution=\"480\" data-mobile_size=\"250\" style=\"height: 362px;\"><\/div>[\/vc_column_inner][vc_column_inner width=&#8220;1\/2&#8243; dfd_column_responsive_enable=&#8220;dfd-column-responsive-enable&#8220; css=&#8220;.vc_custom_1734818127884{padding-right: 5% !important;padding-left: 5% !important;}&#8220; col_inner_shadow=&#8220;box_shadow_enable:disable|shadow_horizontal:0|shadow_vertical:15|shadow_blur:50|shadow_spread:0|box_shadow_color:rgba(0%2C0%2C0%2C0.35)&#8220; col_inner_shadow_hover=&#8220;box_shadow_enable:disable|shadow_horizontal:0|shadow_vertical:15|shadow_blur:50|shadow_spread:0|box_shadow_color:rgba(0%2C0%2C0%2C0.35)&#8220; responsive_styles=&#8220;padding_left_tablet:20|padding_right_tablet:20&#8243;]<div class=\"dfd-spacer-module\"  data-units=\"px\" data-wide_resolution=\"1280\" data-wide_size=\"50\" data-normal_resolution=\"1024\" data-normal_size=\"50\" data-tablet_resolution=\"800\" data-tablet_size=\"50\" data-mobile_resolution=\"480\" data-mobile_size=\"50\" style=\"height: 50px;\"><\/div>[vc_column_text css=&#8220;&#8220; item_animation=&#8220;transition.slideLeftBigIn&#8220;]<\/p>\n<h3 style=\"text-align: center;\"><strong>MUTTERTAGS-BRUNCH<\/strong><\/h3>\n<p style=\"text-align: center;\">Sonntag, 10. Mai 2026 \u00a09:00-13:00 Uhr<\/p>\n<p class=\"isSelectedEnd\" style=\"text-align: center;\">Von verschiedensten Brotsorten, Konfit\u00fcren und anderen Aufstrichen \u00fcber Cerealien, Fleischplatten und frische Salate bis hin zu warmen Gerichten. Nat\u00fcrlich darf auch ein reichhaltiges Dessertbuffet nicht fehlen \u2013 hier ist f\u00fcr jeden Geschmack etwas dabei.<\/p>\n<p style=\"text-align: center;\" align=\"center\"><strong>CHF 49.\u2013 pro Person<\/strong><br \/>\ninkl. 1 Glas Prosecco<\/p>\n<p>[\/vc_column_text]<div class=\"dfd-spacer-module\"  data-units=\"px\" data-wide_resolution=\"1280\" data-wide_size=\"20\" data-normal_resolution=\"1024\" data-normal_size=\"20\" data-tablet_resolution=\"800\" data-tablet_size=\"50\" data-mobile_resolution=\"480\" data-mobile_size=\"50\" style=\"height: 20px;\"><\/div>[\/vc_column_inner][\/vc_row_inner][\/vc_column][\/vc_row][vc_row dfd_enable_overlay=&#8220;&#8220;][vc_column]<div class=\"dfd-spacer-module\"  data-units=\"px\" data-wide_resolution=\"1280\" data-wide_size=\"130\" data-normal_resolution=\"1024\" data-normal_size=\"90\" data-tablet_resolution=\"800\" data-tablet_size=\"80\" data-mobile_resolution=\"480\" data-mobile_size=\"80\" style=\"height: 130px;\"><\/div>[\/vc_column][\/vc_row][vc_row dfd_enable_overlay=&#8220;&#8220;][vc_column][\/vc_column][\/vc_row][vc_row dfd_enable_overlay=&#8220;&#8220; css=&#8220;.vc_custom_1729100999176{background-color: #38575F !important;}&#8220;][vc_column column_bg_check=&#8220;column-background-dark&#8220; width=&#8220;1\/3&#8243; col_shadow=&#8220;box_shadow_enable:disable|shadow_horizontal:0|shadow_vertical:15|shadow_blur:50|shadow_spread:0|box_shadow_color:rgba(0%2C0%2C0%2C.35)&#8220; col_shadow_hover=&#8220;box_shadow_enable:disable|shadow_horizontal:0|shadow_vertical:15|shadow_blur:50|shadow_spread:0|box_shadow_color:rgba(0%2C0%2C0%2C.35)&#8220;]<div class=\"dfd-spacer-module\"  data-units=\"px\" data-wide_resolution=\"1280\" data-wide_size=\"60\" data-normal_resolution=\"1024\" data-normal_size=\"60\" data-tablet_resolution=\"800\" data-tablet_size=\"60\" data-mobile_resolution=\"480\" data-mobile_size=\"40\" style=\"height: 60px;\"><\/div><div class=\"dfd-heading-shortcode\"><div class=\"dfd-heading-module-wrap dfd-custom-subtitle text-center style_02 cr-animate-gen dfd-heading-6a04c24fe1a34 dfd-disable-resposive-headings\" id=\"dfd-heading-6a04c24fe1a34\" data-animate-type = \"transition.slideLeftBigIn\" ><div class=\"inline-block\"><div class=\"dfd-heading-module\"><div class=\"widget-sub-title dfd-sub-title subtitle\" style=\"font-family:Montserrat; font-size: 8px; color: #ffffff !important; letter-spacing: 2.2px; \">KRAFTWERK<\/div><h2 class=\"widget-title dfd-title \" style=\"color: #ffffff !important; line-height: 38px; \">Kontakt<\/p>\n<p>&nbsp;<\/p>\n<p><\/h2><\/div><\/div><\/div><script type=\"text\/javascript\">\r\n\t\t\t\t\t\t\t\t\t(function($) {\r\n\t\t\t\t\t\t\t\t\t\t$(\"head\").append(\"<style>.dfd-heading-6a04c24fe1a34.dfd-heading-module-wrap .dfd-heading-module .dfd-heading-delimiter {margin-top:10px;margin-bottom:10px;}@media (max-width: 1023px) and (min-width: 800px){.dfd-heading-6a04c24fe1a34 .dfd-title{font-size: 26px !important;line-height: 36px !important;}}@media (max-width: 799px){.dfd-heading-6a04c24fe1a34 .dfd-title{font-size: 24px !important;line-height: 34px !important;}}@media (max-width: 1023px) and (min-width: 800px){.dfd-heading-6a04c24fe1a34 .dfd-sub-title{font-size: 10px !important;}}<\/style>\");\r\n\t\t\t\t\t\t\t\t\t})(jQuery);\r\n\t\t\t\t\t\t\t\t<\/script><\/div>[vc_column_text css=&#8220;&#8220;]<strong>Kraftwerk Mels<\/strong><\/p>\n<p>Im Stoffel 33<\/p>\n<p>8887 Mels<\/p>\n<p>info@kraftwerk-mels.ch<\/p>\n<p>Tel: 081 559 40 47[\/vc_column_text]<div class=\"dfd-spacer-module\"  data-units=\"px\" data-wide_resolution=\"1280\" data-wide_size=\"55\" data-normal_resolution=\"1024\" data-normal_size=\"35\" data-tablet_resolution=\"800\" data-tablet_size=\"40\" data-mobile_resolution=\"480\" data-mobile_size=\"40\" style=\"height: 55px;\"><\/div>[\/vc_column][vc_column column_bg_check=&#8220;column-background-dark&#8220; width=&#8220;1\/3&#8243; col_shadow=&#8220;box_shadow_enable:disable|shadow_horizontal:0|shadow_vertical:15|shadow_blur:50|shadow_spread:0|box_shadow_color:rgba(0%2C0%2C0%2C.35)&#8220; col_shadow_hover=&#8220;box_shadow_enable:disable|shadow_horizontal:0|shadow_vertical:15|shadow_blur:50|shadow_spread:0|box_shadow_color:rgba(0%2C0%2C0%2C.35)&#8220;]<div class=\"dfd-spacer-module\"  data-units=\"px\" data-wide_resolution=\"1280\" data-wide_size=\"60\" data-normal_resolution=\"1024\" data-normal_size=\"60\" data-tablet_resolution=\"800\" data-tablet_size=\"60\" data-mobile_resolution=\"480\" data-mobile_size=\"40\" style=\"height: 60px;\"><\/div><div class=\"dfd-heading-shortcode\"><div class=\"dfd-heading-module-wrap dfd-custom-subtitle text-center style_02 cr-animate-gen dfd-heading-6a04c24fe1d71 dfd-disable-resposive-headings\" id=\"dfd-heading-6a04c24fe1d71\" data-animate-type = \"transition.slideLeftBigIn\" ><div class=\"inline-block\"><div class=\"dfd-heading-module\"><div class=\"widget-sub-title dfd-sub-title subtitle\" style=\"font-family:Montserrat; font-size: 8px; color: #ffffff !important; letter-spacing: 2.2px; \">KRAFTWERK<\/div><h2 class=\"widget-title dfd-title \" style=\"color: #ffffff !important; line-height: 38px; \">\u00d6ffnungszeiten<\/p>\n<p>&nbsp;<\/p>\n<p><\/h2><\/div><\/div><\/div><script type=\"text\/javascript\">\r\n\t\t\t\t\t\t\t\t\t(function($) {\r\n\t\t\t\t\t\t\t\t\t\t$(\"head\").append(\"<style>.dfd-heading-6a04c24fe1d71.dfd-heading-module-wrap .dfd-heading-module .dfd-heading-delimiter {margin-top:10px;margin-bottom:10px;}@media (max-width: 1023px) and (min-width: 800px){.dfd-heading-6a04c24fe1d71 .dfd-title{font-size: 26px !important;line-height: 36px !important;}}@media (max-width: 799px){.dfd-heading-6a04c24fe1d71 .dfd-title{font-size: 24px !important;line-height: 34px !important;}}@media (max-width: 1023px) and (min-width: 800px){.dfd-heading-6a04c24fe1d71 .dfd-sub-title{font-size: 10px !important;}}<\/style>\");\r\n\t\t\t\t\t\t\t\t\t})(jQuery);\r\n\t\t\t\t\t\t\t\t<\/script><\/div>[vc_column_text css=&#8220;&#8220;]<strong>Dienstag bis Freitag <\/strong>11:30-14:30 &amp; 17:30-23:00<\/p>\n<p><strong>Samstag <\/strong>17:30-23:00<\/p>\n<p><strong>Sonntag <\/strong>11:30-16:00 (Oktober bis M\u00e4rz)<\/p>\n<p>Gerne \u00f6ffnen wir das Kraftwerk auch sonntags f\u00fcr Ihre Familienfeier, Taufe oder Konfirmation![\/vc_column_text]<div id=\"dfd-button-6a04c24fe1f0a\" class=\"dfd-button-module-wrap dfd-button-6a04c24fe1f0a\"><div class=\"dfd-button-module  style_1 text-center dfd-horizontal dfd-top-to-bottom dfd-button-icon-left dfd-button-icon-hover-simple\" ><a href=\"https:\/\/mytools.aleno.me\/reservations\/v2.0\/reservations.html?k=eyJrIjoid2l2dTVrM2lsNm15cnBiOWlwdzZ4bmViajhycnVkaWRpZ280bGZwODBsbzlhNGlweTEiLCJyIjoibnQyMnVXQ3dEVzk5d0VtUTQiLCJzIjoiaHR0cHM6Ly9teXRvb2xzLmFsZW5vLm1lLyJ9\" class=\"dfd-button-link\"><span class=\"dfd-button-inner-cover\"><span class=\"dfd-button-text-main\"><i class=\"\"><\/i>RESERVIEREN<\/span><\/span><\/a><\/div><script type=\"text\/javascript\">\r\n\t\t\t\t\t\t\t\t\t(function($) {$(\"head\").append(\"<style>#dfd-button-6a04c24fe1f0a.dfd-button-module-wrap .dfd-button-module .dfd-button-link .dfd-button-inner-cover .dfd-button-text-main,.dfd-button-6a04c24fe1f0a.dfd-button-module-wrap .dfd-button-module .dfd-button-link .dfd-button-inner-cover .dfd-button-text-main {color: #ffffff}#dfd-button-6a04c24fe1f0a.dfd-button-module-wrap .dfd-button-module .dfd-button-link .dfd-button-inner-cover,.dfd-button-6a04c24fe1f0a.dfd-button-module-wrap .dfd-button-module .dfd-button-link .dfd-button-border-decoration,.dfd-button-6a04c24fe1f0a.dfd-button-module-wrap .dfd-button-module .dfd-button-link .dfd-button-inner-cover {border-radius:2px;}#dfd-button-6a04c24fe1f0a.dfd-button-module-wrap .dfd-button-module:not(.style_4) .dfd-button-link .dfd-button-inner-cover:before,#dfd-button-6a04c24fe1f0a.dfd-button-module-wrap .dfd-button-module.style_4 .dfd-button-link .dfd-button-inner-cover:after,#dfd-button-6a04c24fe1f0a.dfd-button-module-wrap .dfd-button-module.style_6 .dfd-button-link .dfd-button-inner-cover .dfd-button-text-main,.dfd-button-6a04c24fe1f0a.dfd-button-module-wrap .dfd-button-module:not(.style_4) .dfd-button-link .dfd-button-inner-cover:before,.dfd-button-6a04c24fe1f0a.dfd-button-module-wrap .dfd-button-module.style_4 .dfd-button-link .dfd-button-inner-cover:after,.dfd-button-6a04c24fe1f0a.dfd-button-module-wrap .dfd-button-module.style_6 .dfd-button-link .dfd-button-inner-cover .dfd-button-text-main {background: #1b1b1b;border-style:solid;border-width:1px;border-radius:2px;border-color:#1b1b1b;}#dfd-button-6a04c24fe1f0a.dfd-button-module-wrap .dfd-button-module:not(.style_6) .dfd-button-link:hover .dfd-button-inner-cover .dfd-button-text-main,#dfd-button-6a04c24fe1f0a.dfd-button-module-wrap .dfd-button-module .dfd-button-link .dfd-button-inner-cover .dfd-button-text-hover,.dfd-button-6a04c24fe1f0a.dfd-button-module-wrap .dfd-button-module:not(.style_6) .dfd-button-link:hover .dfd-button-inner-cover .dfd-button-text-main,.dfd-button-6a04c24fe1f0a.dfd-button-module-wrap .dfd-button-module .dfd-button-link .dfd-button-inner-cover .dfd-button-text-hover {color: #ffffff;}#dfd-button-6a04c24fe1f0a.dfd-button-module-wrap .dfd-button-module .dfd-button-link:hover .dfd-button-inner-cover,.dfd-button-6a04c24fe1f0a.dfd-button-module-wrap .dfd-button-module .dfd-button-link:hover .dfd-button-border-decoration,.dfd-button-6a04c24fe1f0a.dfd-button-module-wrap .dfd-button-module .dfd-button-link:hover .dfd-button-inner-cover {border-radius:2px;}#dfd-button-6a04c24fe1f0a.dfd-button-module-wrap .dfd-button-module:not(.style_4) .dfd-button-link .dfd-button-inner-cover:after,#dfd-button-6a04c24fe1f0a.dfd-button-module-wrap .dfd-button-module.style_4 .dfd-button-link .dfd-button-inner-cover:before,#dfd-button-6a04c24fe1f0a.dfd-button-module-wrap .dfd-button-module .dfd-button-link .dfd-button-inner-cover .dfd-button-text-hover .dfd-button-6a04c24fe1f0a.dfd-button-module-wrap .dfd-button-module:not(.style_4) .dfd-button-link .dfd-button-inner-cover:after,.dfd-button-6a04c24fe1f0a.dfd-button-module-wrap .dfd-button-module.style_4 .dfd-button-link .dfd-button-inner-cover:before,.dfd-button-6a04c24fe1f0a.dfd-button-module-wrap .dfd-button-module .dfd-button-link .dfd-button-inner-cover .dfd-button-text-hover {background: #c39f76;border-style:solid;border-width:1px;border-radius:2px;border-color:#c39f76;}#dfd-button-6a04c24fe1f0a.dfd-button-module-wrap .dfd-button-module.style_3 .dfd-button-link:hover .dfd-button-inner-cover:before,#dfd-button-6a04c24fe1f0a.dfd-button-module-wrap .dfd-button-module.style_4 .dfd-button-link:hover .dfd-button-inner-cover:before,.dfd-button-6a04c24fe1f0a.dfd-button-module-wrap .dfd-button-module.style_3 .dfd-button-link:hover .dfd-button-inner-cover:before,.dfd-button-6a04c24fe1f0a.dfd-button-module-wrap .dfd-button-module.style_4 .dfd-button-link:hover .dfd-button-inner-cover:before {border-style:solid;border-width:1px;border-radius:2px;border-color:#c39f76;}<\/style>\")\r\n\t\t\t\t\t\t\t\t\t})(jQuery);\r\n\t\t\t\t\t\t\t\t<\/script><\/div><div class=\"dfd-spacer-module\"  data-units=\"px\" data-wide_resolution=\"1280\" data-wide_size=\"55\" data-normal_resolution=\"1024\" data-normal_size=\"35\" data-tablet_resolution=\"800\" data-tablet_size=\"40\" data-mobile_resolution=\"480\" data-mobile_size=\"40\" style=\"height: 55px;\"><\/div>[vc_column_text css=&#8220;&#8220;]<\/p>\n<p style=\"text-align: center;\"><a href=\"https:\/\/kraftwerk-mels.ch\/index.php\/privacy-policy-2\/\">IMPRESSUM<\/a>\u00a0 <a href=\"https:\/\/kraftwerk-mels.ch\/index.php\/privacy-policy\/\">DATENSCHUTZ<\/a><\/p>\n<p>[\/vc_column_text][\/vc_column][vc_column column_bg_check=&#8220;column-background-dark&#8220; width=&#8220;1\/3&#8243; col_shadow=&#8220;box_shadow_enable:disable|shadow_horizontal:0|shadow_vertical:15|shadow_blur:50|shadow_spread:0|box_shadow_color:rgba(0%2C0%2C0%2C.35)&#8220; col_shadow_hover=&#8220;box_shadow_enable:disable|shadow_horizontal:0|shadow_vertical:15|shadow_blur:50|shadow_spread:0|box_shadow_color:rgba(0%2C0%2C0%2C.35)&#8220;]<div class=\"dfd-spacer-module\"  data-units=\"px\" data-wide_resolution=\"1280\" data-wide_size=\"60\" data-normal_resolution=\"1024\" data-normal_size=\"60\" data-tablet_resolution=\"800\" data-tablet_size=\"60\" data-mobile_resolution=\"480\" data-mobile_size=\"40\" style=\"height: 60px;\"><\/div><div class=\"dfd-heading-shortcode\"><div class=\"dfd-heading-module-wrap dfd-custom-subtitle text-center style_02 cr-animate-gen dfd-heading-6a04c24fe2005 dfd-disable-resposive-headings\" id=\"dfd-heading-6a04c24fe2005\" data-animate-type = \"transition.slideLeftBigIn\" ><div class=\"inline-block\"><div class=\"dfd-heading-module\"><div class=\"widget-sub-title dfd-sub-title subtitle\" style=\"font-family:Montserrat; font-size: 8px; color: #ffffff !important; letter-spacing: 2.2px; \">KRAFTWERK<\/div><h2 class=\"widget-title dfd-title \" style=\"color: #ffffff !important; line-height: 38px; \">Wo wir sind<\/p>\n<p>&nbsp;<\/p>\n<p><\/h2><\/div><\/div><\/div><script type=\"text\/javascript\">\r\n\t\t\t\t\t\t\t\t\t(function($) {\r\n\t\t\t\t\t\t\t\t\t\t$(\"head\").append(\"<style>.dfd-heading-6a04c24fe2005.dfd-heading-module-wrap .dfd-heading-module .dfd-heading-delimiter {margin-top:10px;margin-bottom:10px;}@media (max-width: 1023px) and (min-width: 800px){.dfd-heading-6a04c24fe2005 .dfd-title{font-size: 26px !important;line-height: 36px !important;}}@media (max-width: 799px){.dfd-heading-6a04c24fe2005 .dfd-title{font-size: 24px !important;line-height: 34px !important;}}@media (max-width: 1023px) and (min-width: 800px){.dfd-heading-6a04c24fe2005 .dfd-sub-title{font-size: 10px !important;}}<\/style>\");\r\n\t\t\t\t\t\t\t\t\t})(jQuery);\r\n\t\t\t\t\t\t\t\t<\/script><\/div>[vc_single_image image=&#8220;706&#8243; alignment=&#8220;center&#8220; css=&#8220;&#8220; onclick=&#8220;img_link_large&#8220;]<div class=\"dfd-spacer-module\"  data-units=\"px\" data-wide_resolution=\"1280\" data-wide_size=\"55\" data-normal_resolution=\"1024\" data-normal_size=\"35\" data-tablet_resolution=\"800\" data-tablet_size=\"40\" data-mobile_resolution=\"480\" data-mobile_size=\"40\" style=\"height: 55px;\"><\/div>[\/vc_column][\/vc_row]<\/p>\n<\/div>","protected":false},"excerpt":{"rendered":"<p>[vc_row dfd_enable_overlay=&#8220;&#8220;][vc_column][\/vc_column][\/vc_row][vc_row bg_check=&#8220;row-background-dark&#8220; dfd_bg_style=&#8220;canvas&#8220; dfd_enable_overlay=&#8220;&#8220; dfd_row_responsive_enable=&#8220;dfd-row-responsive-enable&#8220; responsive_styles=&#8220;padding_left_mobile:10|padding_right_mobile:10&#8243;][vc_column][vc_column_text css=&#8220;&#8220;] Kraftwerk Mels [\/vc_column_text][\/vc_column][\/vc_row][vc_row dfd_bg_style=&#8220;image&#8220; dfd_enable_overlay=&#8220;&#8220; dfd_row_responsive_enable=&#8220;dfd-row-responsive-enable&#8220; responsive_styles=&#8220;padding_left_desktop:20|padding_right_desktop:20|padding_left_tablet:20|padding_right_tablet:20|padding_left_mobile:20|padding_right_mobile:20&#8243;][vc_column dfd_column_responsive_enable=&#8220;dfd-column-responsive-enable&#8220; col_shadow=&#8220;box_shadow_enable:enable|shadow_horizontal:0|shadow_vertical:35|shadow_blur:70|shadow_spread:-20|box_shadow_color:rgba(0%2C0%2C0%2C0.35)&#8220; col_shadow_hover=&#8220;box_shadow_enable:enable|shadow_horizontal:0|shadow_vertical:35|shadow_blur:70|shadow_spread:-20|box_shadow_color:rgba(0%2C0%2C0%2C0.35)&#8220; css=&#8220;.vc_custom_1628159408560{margin-top: -407px !important;background-color: #ffffff !important;}&#8220; responsive_styles=&#8220;margin_top_mobile:-150&#8243;][vc_row_inner][vc_column_inner width=&#8220;1\/2&#8243; dfd_column_responsive_enable=&#8220;dfd-column-responsive-enable&#8220; css=&#8220;.vc_custom_1734818106982{padding-right: 5% !important;padding-left: 5%<\/p>\n","protected":false},"author":1,"featured_media":0,"parent":0,"menu_order":0,"comment_status":"closed","ping_status":"closed","template":"page-custom.php","meta":{"footnotes":""},"class_list":["post-740","page","type-page","status-publish","hentry"],"_links":{"self":[{"href":"https:\/\/kraftwerk-mels.ch\/index.php\/wp-json\/wp\/v2\/pages\/740","targetHints":{"allow":["GET"]}}],"collection":[{"href":"https:\/\/kraftwerk-mels.ch\/index.php\/wp-json\/wp\/v2\/pages"}],"about":[{"href":"https:\/\/kraftwerk-mels.ch\/index.php\/wp-json\/wp\/v2\/types\/page"}],"author":[{"embeddable":true,"href":"https:\/\/kraftwerk-mels.ch\/index.php\/wp-json\/wp\/v2\/users\/1"}],"replies":[{"embeddable":true,"href":"https:\/\/kraftwerk-mels.ch\/index.php\/wp-json\/wp\/v2\/comments?post=740"}],"version-history":[{"count":167,"href":"https:\/\/kraftwerk-mels.ch\/index.php\/wp-json\/wp\/v2\/pages\/740\/revisions"}],"predecessor-version":[{"id":1994,"href":"https:\/\/kraftwerk-mels.ch\/index.php\/wp-json\/wp\/v2\/pages\/740\/revisions\/1994"}],"wp:attachment":[{"href":"https:\/\/kraftwerk-mels.ch\/index.php\/wp-json\/wp\/v2\/media?parent=740"}],"curies":[{"name":"wp","href":"https:\/\/api.w.org\/{rel}","templated":true}]}}