{"id":1347,"date":"2025-06-22T13:03:59","date_gmt":"2025-06-22T13:03:59","guid":{"rendered":"https:\/\/kraftwerk-mels.ch\/?page_id=1347"},"modified":"2026-02-06T12:18:39","modified_gmt":"2026-02-06T12:18:39","slug":"kraftvoll_mels-3","status":"publish","type":"page","link":"https:\/\/kraftwerk-mels.ch\/index.php\/kraftvoll_mels-3\/","title":{"rendered":"BANKETTE &#038; SEMINARE"},"content":{"rendered":"<div class=\"wpb-content-wrapper\"><p>[vc_row][vc_column][\/vc_column][\/vc_row][vc_row dfd_enable_overlay=&#8220;&#8220; dfd_row_responsive_enable=&#8220;dfd-row-responsive-enable&#8220; responsive_styles=&#8220;padding_left_mobile:20|padding_right_mobile:20&#8243;][vc_column]<div class=\"dfd-spacer-module\"  data-units=\"px\" data-wide_resolution=\"1280\" data-wide_size=\"60\" data-normal_resolution=\"1024\" data-normal_size=\"40\" data-tablet_resolution=\"800\" data-tablet_size=\"40\" data-mobile_resolution=\"480\" data-mobile_size=\"60\" style=\"height: 60px;\"><\/div><div class=\"dfd-heading-shortcode\"><div class=\"dfd-heading-module-wrap  text-center style_01 cr-animate-gen dfd-heading-6a04c680cb720 dfd-disable-resposive-headings\" id=\"dfd-heading-6a04c680cb720\" data-animate-type = \"transition.expandIn\" ><div class=\"inline-block\"><div class=\"dfd-heading-module\"><h2 class=\"widget-title dfd-title \" style=\"color: #2d2c2c !important; \">BANKETTE &amp; SEMINARE<\/p>\n<p><\/h2><\/div><\/div><\/div><script type=\"text\/javascript\">\r\n\t\t\t\t\t\t\t\t\t(function($) {\r\n\t\t\t\t\t\t\t\t\t\t$(\"head\").append(\"<style>.dfd-heading-6a04c680cb720.dfd-heading-module-wrap .dfd-heading-module .dfd-heading-delimiter {margin-top:10px;margin-bottom:10px;}@media (max-width: 1023px) and (min-width: 800px){.dfd-heading-6a04c680cb720 .dfd-title{font-size: 26px !important;line-height: 36px !important;}}@media (max-width: 799px){.dfd-heading-6a04c680cb720 .dfd-title{font-size: 24px !important;line-height: 34px !important;}}<\/style>\");\r\n\t\t\t\t\t\t\t\t\t})(jQuery);\r\n\t\t\t\t\t\t\t\t<\/script><\/div>[vc_column_text css=&#8220;&#8220;]<\/p>\n<p style=\"text-align: center; color: #a7a7a7;\">KRAFTWERK MELS<\/p>\n<p>[\/vc_column_text]<div class=\"dfd-spacer-module\"  data-units=\"px\" data-wide_resolution=\"1280\" data-wide_size=\"25\" data-normal_resolution=\"1024\" data-normal_size=\"25\" data-tablet_resolution=\"800\" data-tablet_size=\"0\" data-mobile_resolution=\"480\" data-mobile_size=\"0\" style=\"height: 25px;\"><\/div>[\/vc_column][\/vc_row][vc_row dfd_enable_overlay=&#8220;&#8220; dfd_row_responsive_enable=&#8220;dfd-row-responsive-enable&#8220; responsive_styles=&#8220;padding_left_tablet:10|padding_right_tablet:10|padding_left_mobile:20|padding_right_mobile:20&#8243;][vc_column width=&#8220;1\/2&#8243; col_shadow=&#8220;box_shadow_enable:disable|shadow_horizontal:0|shadow_vertical:15|shadow_blur:50|shadow_spread:0|box_shadow_color:rgba(0%2C0%2C0%2C0.35)&#8220; col_shadow_hover=&#8220;box_shadow_enable:disable|shadow_horizontal:0|shadow_vertical:15|shadow_blur:50|shadow_spread:0|box_shadow_color:rgba(0%2C0%2C0%2C0.35)&#8220;][vc_column_text css=&#8220;&#8220;]<strong>Kraftwerk Mels \u2013 Tafelfreuden.<\/strong><\/p>\n<p>Wenn es mit Freunden, in der Firma oder der Familie etwas zu feiern gibt, ist das Kraftwerk das perfekte Restaurant. Unsere R\u00e4umlichkeiten bieten Platz f\u00fcr Bankette bis maximal 80 Personen. Je nach Gruppengr\u00f6sse und Verpflegung haben wir verschiedene R\u00e4umlichkeiten im Angebot.<\/p>\n<p>Bis max. 10 Personen erf\u00fcllen wir Ihren G\u00e4sten jeden individuellen Wunsch \u00e0 la carte.<\/p>\n<p>Alle Zutaten werden stets marktfrisch eingekauft und zubereitet. Deshalb servieren wir gr\u00f6sseren Gesellschaften ab 10 Personen ein einheitliches Menu \u2013 auf Wunsch selbstverst\u00e4ndlich auch mit vegetarischer Alternative. Gerne unterbreiten wir Ihnen unsere Menuvorschl\u00e4ge oder nehmen Ihre Anregungen und Ideen gerne entgegen.<\/p>\n<p>Besprechen Sie mit uns Ihr Fest bitte rechtzeitig.<\/p>\n<p><strong>Kraftvoll. Authentisch. Unvergesslich.<\/strong>[\/vc_column_text][\/vc_column][vc_column width=&#8220;1\/2&#8243;]<div id=\"dfd-image-layers-6a04c680cb940-5114\" class=\"dfd-image-layers-wrap  layers-center\"><div class=\"dfd-layer-container expandIn\"><div class=\"dfd-layer-centered\" style=\"-webkit-transform: translate(0%, 0%); -moz-transform: translate(0%, 0%); -o-transform: translate(0%, 0%); transform: translate(0%, 0%); \"><div class=\"dfd-layer-item dfd-img-lazy-load\"><img loading=\"lazy\" decoding=\"async\" src=\"data:image\/svg+xml;charset=utf-8,%3Csvg xmlns%3D'http%3A%2F%2Fwww.w3.org%2F2000%2Fsvg' viewBox%3D'0 0 1206 1154'%2F%3E\" data-src=\"https:\/\/kraftwerk-mels.ch\/wp-content\/uploads\/2024\/10\/Turbinehalle.png\" alt=\"Layer\"  width=\"1206\" height=\"1154\" \/><\/div><\/div><\/div><div class=\"dfd-layer-container expandIn\"><div class=\"dfd-layer-centered\" style=\"-webkit-transform: translate(0%, 0%); -moz-transform: translate(0%, 0%); -o-transform: translate(0%, 0%); transform: translate(0%, 0%); \"><div class=\"dfd-layer-item dfd-img-lazy-load\"><img loading=\"lazy\" decoding=\"async\" src=\"data:image\/svg+xml;charset=utf-8,%3Csvg xmlns%3D'http%3A%2F%2Fwww.w3.org%2F2000%2Fsvg' viewBox%3D'0 0 1206 1154'%2F%3E\" data-src=\"https:\/\/kraftwerk-mels.ch\/wp-content\/uploads\/2024\/10\/Fabrik_Alt.png\" alt=\"Layer\"  width=\"1206\" height=\"1154\" \/><\/div><\/div><\/div><div class=\"dfd-layer-container expandIn\"><div class=\"dfd-layer-centered\" style=\"-webkit-transform: translate(0%, 0%); -moz-transform: translate(0%, 0%); -o-transform: translate(0%, 0%); transform: translate(0%, 0%); \"><div class=\"dfd-layer-item dfd-img-lazy-load\"><img loading=\"lazy\" decoding=\"async\" src=\"data:image\/svg+xml;charset=utf-8,%3Csvg xmlns%3D'http%3A%2F%2Fwww.w3.org%2F2000%2Fsvg' viewBox%3D'0 0 1206 1154'%2F%3E\" data-src=\"https:\/\/kraftwerk-mels.ch\/wp-content\/uploads\/2024\/10\/Generator-1.png\" alt=\"Layer\"  width=\"1206\" height=\"1154\" \/><\/div><\/div><\/div><div class=\"dfd-layer-container expandIn\"><div class=\"dfd-layer-centered\" style=\"-webkit-transform: translate(0%, 0%); -moz-transform: translate(0%, 0%); -o-transform: translate(0%, 0%); transform: translate(0%, 0%); \"><div class=\"dfd-layer-item dfd-img-lazy-load\"><img loading=\"lazy\" decoding=\"async\" src=\"data:image\/svg+xml;charset=utf-8,%3Csvg xmlns%3D'http%3A%2F%2Fwww.w3.org%2F2000%2Fsvg' viewBox%3D'0 0 579 554'%2F%3E\" data-src=\"https:\/\/kraftwerk-mels.ch\/wp-content\/uploads\/2021\/07\/about-hotel_4.png\" alt=\"Layer\"  width=\"579\" height=\"554\" \/><\/div><\/div><\/div><div class=\"dfd-layer-container expandIn\"><div class=\"dfd-layer-centered\" style=\"-webkit-transform: translate(0%, 0%); -moz-transform: translate(0%, 0%); -o-transform: translate(0%, 0%); transform: translate(0%, 0%); \"><div class=\"dfd-layer-item dfd-img-lazy-load\"><img loading=\"lazy\" decoding=\"async\" src=\"data:image\/svg+xml;charset=utf-8,%3Csvg xmlns%3D'http%3A%2F%2Fwww.w3.org%2F2000%2Fsvg' viewBox%3D'0 0 1206 1154'%2F%3E\" data-src=\"https:\/\/kraftwerk-mels.ch\/wp-content\/uploads\/2024\/10\/rahmen.png\" alt=\"Layer\"  width=\"1206\" height=\"1154\" \/><\/div><\/div><\/div><script type=\"text\/javascript\">(function($) {$(\"head\").append(\"<style>#dfd-image-layers-6a04c680cb940-5114 .dfd-layer-container .dfd-layer-item {-webkit-transition-duration: 0.5s; -moz-transition-duration: 0.5s; -o-transition-duration: 0.5s; transition-duration: 0.5s;}#dfd-image-layers-6a04c680cb940-5114 .dfd-layer-container:nth-child(1) .dfd-layer-item {-webkit-transition-delay: 0s; -moz-transition-delay: 0s; -o-transition-delay: 0s; transition-delay: 0s;}#dfd-image-layers-6a04c680cb940-5114 .dfd-layer-container:nth-child(2) .dfd-layer-item {-webkit-transition-delay: 0.9s; -moz-transition-delay: 0.9s; -o-transition-delay: 0.9s; transition-delay: 0.9s;}#dfd-image-layers-6a04c680cb940-5114 .dfd-layer-container:nth-child(3) .dfd-layer-item {-webkit-transition-delay: 1.8s; -moz-transition-delay: 1.8s; -o-transition-delay: 1.8s; transition-delay: 1.8s;}#dfd-image-layers-6a04c680cb940-5114 .dfd-layer-container:nth-child(4) .dfd-layer-item {-webkit-transition-delay: 2.7s; -moz-transition-delay: 2.7s; -o-transition-delay: 2.7s; transition-delay: 2.7s;}#dfd-image-layers-6a04c680cb940-5114 .dfd-layer-container:nth-child(5) .dfd-layer-item {-webkit-transition-delay: 3.6s; -moz-transition-delay: 3.6s; -o-transition-delay: 3.6s; transition-delay: 3.6s;}<\/style>\");})(jQuery);<\/script><\/div>[\/vc_column][\/vc_row][vc_row dfd_enable_overlay=&#8220;&#8220;][vc_column]<div class=\"dfd-spacer-module\"  data-units=\"px\" data-wide_resolution=\"1280\" data-wide_size=\"95\" data-normal_resolution=\"1024\" data-normal_size=\"50\" data-tablet_resolution=\"800\" data-tablet_size=\"60\" data-mobile_resolution=\"480\" data-mobile_size=\"60\" style=\"height: 95px;\"><\/div>[\/vc_column][\/vc_row][vc_row dfd_enable_overlay=&#8220;&#8220;][vc_column]<div class=\"dfd-spacer-module\"  data-units=\"px\" data-wide_resolution=\"1280\" data-wide_size=\"110\" data-normal_resolution=\"1024\" data-normal_size=\"70\" data-tablet_resolution=\"800\" data-tablet_size=\"80\" data-mobile_resolution=\"480\" data-mobile_size=\"80\" style=\"height: 110px;\"><\/div>[\/vc_column][\/vc_row][vc_row dfd_enable_overlay=&#8220;&#8220;][vc_column][\/vc_column][\/vc_row][vc_row dfd_enable_overlay=&#8220;&#8220; css=&#8220;.vc_custom_1729100999176{background-color: #38575F !important;}&#8220;][vc_column column_bg_check=&#8220;column-background-dark&#8220; width=&#8220;1\/3&#8243; col_shadow=&#8220;box_shadow_enable:disable|shadow_horizontal:0|shadow_vertical:15|shadow_blur:50|shadow_spread:0|box_shadow_color:rgba(0%2C0%2C0%2C.35)&#8220; col_shadow_hover=&#8220;box_shadow_enable:disable|shadow_horizontal:0|shadow_vertical:15|shadow_blur:50|shadow_spread:0|box_shadow_color:rgba(0%2C0%2C0%2C.35)&#8220;]<div class=\"dfd-spacer-module\"  data-units=\"px\" data-wide_resolution=\"1280\" data-wide_size=\"60\" data-normal_resolution=\"1024\" data-normal_size=\"60\" data-tablet_resolution=\"800\" data-tablet_size=\"60\" data-mobile_resolution=\"480\" data-mobile_size=\"40\" style=\"height: 60px;\"><\/div><div class=\"dfd-heading-shortcode\"><div class=\"dfd-heading-module-wrap dfd-custom-subtitle text-center style_02 cr-animate-gen dfd-heading-6a04c680cc328 dfd-disable-resposive-headings\" id=\"dfd-heading-6a04c680cc328\" data-animate-type = \"transition.slideLeftBigIn\" ><div class=\"inline-block\"><div class=\"dfd-heading-module\"><div class=\"widget-sub-title dfd-sub-title subtitle\" style=\"font-family:Montserrat; font-size: 8px; color: #ffffff !important; letter-spacing: 2.2px; \">KRAFTWERK<\/div><h2 class=\"widget-title dfd-title \" style=\"color: #ffffff !important; line-height: 38px; \">Kontakt<\/p>\n<p>&nbsp;<\/p>\n<p><\/h2><\/div><\/div><\/div><script type=\"text\/javascript\">\r\n\t\t\t\t\t\t\t\t\t(function($) {\r\n\t\t\t\t\t\t\t\t\t\t$(\"head\").append(\"<style>.dfd-heading-6a04c680cc328.dfd-heading-module-wrap .dfd-heading-module .dfd-heading-delimiter {margin-top:10px;margin-bottom:10px;}@media (max-width: 1023px) and (min-width: 800px){.dfd-heading-6a04c680cc328 .dfd-title{font-size: 26px !important;line-height: 36px !important;}}@media (max-width: 799px){.dfd-heading-6a04c680cc328 .dfd-title{font-size: 24px !important;line-height: 34px !important;}}@media (max-width: 1023px) and (min-width: 800px){.dfd-heading-6a04c680cc328 .dfd-sub-title{font-size: 10px !important;}}<\/style>\");\r\n\t\t\t\t\t\t\t\t\t})(jQuery);\r\n\t\t\t\t\t\t\t\t<\/script><\/div>[vc_column_text css=&#8220;&#8220;]<strong>Kraftwerk Mels<\/strong><\/p>\n<p>Im Stoffel 33<\/p>\n<p>8887 Mels<\/p>\n<p>info@kraftwerk-mels.ch<\/p>\n<p>Tel: 081 559 40 47[\/vc_column_text]<div class=\"dfd-spacer-module\"  data-units=\"px\" data-wide_resolution=\"1280\" data-wide_size=\"55\" data-normal_resolution=\"1024\" data-normal_size=\"35\" data-tablet_resolution=\"800\" data-tablet_size=\"40\" data-mobile_resolution=\"480\" data-mobile_size=\"40\" style=\"height: 55px;\"><\/div>[\/vc_column][vc_column column_bg_check=&#8220;column-background-dark&#8220; width=&#8220;1\/3&#8243; col_shadow=&#8220;box_shadow_enable:disable|shadow_horizontal:0|shadow_vertical:15|shadow_blur:50|shadow_spread:0|box_shadow_color:rgba(0%2C0%2C0%2C.35)&#8220; col_shadow_hover=&#8220;box_shadow_enable:disable|shadow_horizontal:0|shadow_vertical:15|shadow_blur:50|shadow_spread:0|box_shadow_color:rgba(0%2C0%2C0%2C.35)&#8220;]<div class=\"dfd-spacer-module\"  data-units=\"px\" data-wide_resolution=\"1280\" data-wide_size=\"60\" data-normal_resolution=\"1024\" data-normal_size=\"60\" data-tablet_resolution=\"800\" data-tablet_size=\"60\" data-mobile_resolution=\"480\" data-mobile_size=\"40\" style=\"height: 60px;\"><\/div><div class=\"dfd-heading-shortcode\"><div class=\"dfd-heading-module-wrap dfd-custom-subtitle text-center style_02 cr-animate-gen dfd-heading-6a04c680cc6f9 dfd-disable-resposive-headings\" id=\"dfd-heading-6a04c680cc6f9\" data-animate-type = \"transition.slideLeftBigIn\" ><div class=\"inline-block\"><div class=\"dfd-heading-module\"><div class=\"widget-sub-title dfd-sub-title subtitle\" style=\"font-family:Montserrat; font-size: 8px; color: #ffffff !important; letter-spacing: 2.2px; \">KRAFTWERK<\/div><h2 class=\"widget-title dfd-title \" style=\"color: #ffffff !important; line-height: 38px; \">\u00d6ffnungszeiten<\/p>\n<p>&nbsp;<\/p>\n<p><\/h2><\/div><\/div><\/div><script type=\"text\/javascript\">\r\n\t\t\t\t\t\t\t\t\t(function($) {\r\n\t\t\t\t\t\t\t\t\t\t$(\"head\").append(\"<style>.dfd-heading-6a04c680cc6f9.dfd-heading-module-wrap .dfd-heading-module .dfd-heading-delimiter {margin-top:10px;margin-bottom:10px;}@media (max-width: 1023px) and (min-width: 800px){.dfd-heading-6a04c680cc6f9 .dfd-title{font-size: 26px !important;line-height: 36px !important;}}@media (max-width: 799px){.dfd-heading-6a04c680cc6f9 .dfd-title{font-size: 24px !important;line-height: 34px !important;}}@media (max-width: 1023px) and (min-width: 800px){.dfd-heading-6a04c680cc6f9 .dfd-sub-title{font-size: 10px !important;}}<\/style>\");\r\n\t\t\t\t\t\t\t\t\t})(jQuery);\r\n\t\t\t\t\t\t\t\t<\/script><\/div>[vc_column_text css=&#8220;&#8220;]<\/p>\n<div class=\"wpb_text_column wpb_content_element \">\n<div class=\"wpb_wrapper\">\n<p><strong>Dienstag bis Freitag <\/strong>11:30-14:30 &amp; 17:30-23:00<\/p>\n<p><strong>Samstag <\/strong>17:30-23:00<strong><br \/>\n<\/strong><\/p>\n<p>Gerne \u00f6ffnen wir das Kraftwerk <strong>auch sonntags<\/strong> f\u00fcr Ihre Familienfeier, Taufe oder Konfirmation!<\/p>\n<\/div>\n<\/div>\n<p>[\/vc_column_text]<div id=\"dfd-button-6a04c680cc8b1\" class=\"dfd-button-module-wrap dfd-button-6a04c680cc8b1\"><div class=\"dfd-button-module  style_1 text-center dfd-horizontal dfd-top-to-bottom dfd-button-icon-left dfd-button-icon-hover-simple\" ><a href=\"https:\/\/mytools.aleno.me\/reservations\/v2.0\/reservations.html?k=eyJrIjoid2l2dTVrM2lsNm15cnBiOWlwdzZ4bmViajhycnVkaWRpZ280bGZwODBsbzlhNGlweTEiLCJyIjoibnQyMnVXQ3dEVzk5d0VtUTQiLCJzIjoiaHR0cHM6Ly9teXRvb2xzLmFsZW5vLm1lLyJ9\" class=\"dfd-button-link\"><span class=\"dfd-button-inner-cover\"><span class=\"dfd-button-text-main\"><i class=\"\"><\/i>RESERVIEREN<\/span><\/span><\/a><\/div><script type=\"text\/javascript\">\r\n\t\t\t\t\t\t\t\t\t(function($) {$(\"head\").append(\"<style>#dfd-button-6a04c680cc8b1.dfd-button-module-wrap .dfd-button-module .dfd-button-link .dfd-button-inner-cover .dfd-button-text-main,.dfd-button-6a04c680cc8b1.dfd-button-module-wrap .dfd-button-module .dfd-button-link .dfd-button-inner-cover .dfd-button-text-main {color: #ffffff}#dfd-button-6a04c680cc8b1.dfd-button-module-wrap .dfd-button-module .dfd-button-link .dfd-button-inner-cover,.dfd-button-6a04c680cc8b1.dfd-button-module-wrap .dfd-button-module .dfd-button-link .dfd-button-border-decoration,.dfd-button-6a04c680cc8b1.dfd-button-module-wrap .dfd-button-module .dfd-button-link .dfd-button-inner-cover {border-radius:2px;}#dfd-button-6a04c680cc8b1.dfd-button-module-wrap .dfd-button-module:not(.style_4) .dfd-button-link .dfd-button-inner-cover:before,#dfd-button-6a04c680cc8b1.dfd-button-module-wrap .dfd-button-module.style_4 .dfd-button-link .dfd-button-inner-cover:after,#dfd-button-6a04c680cc8b1.dfd-button-module-wrap .dfd-button-module.style_6 .dfd-button-link .dfd-button-inner-cover .dfd-button-text-main,.dfd-button-6a04c680cc8b1.dfd-button-module-wrap .dfd-button-module:not(.style_4) .dfd-button-link .dfd-button-inner-cover:before,.dfd-button-6a04c680cc8b1.dfd-button-module-wrap .dfd-button-module.style_4 .dfd-button-link .dfd-button-inner-cover:after,.dfd-button-6a04c680cc8b1.dfd-button-module-wrap .dfd-button-module.style_6 .dfd-button-link .dfd-button-inner-cover .dfd-button-text-main {background: #1b1b1b;border-style:solid;border-width:1px;border-radius:2px;border-color:#1b1b1b;}#dfd-button-6a04c680cc8b1.dfd-button-module-wrap .dfd-button-module:not(.style_6) .dfd-button-link:hover .dfd-button-inner-cover .dfd-button-text-main,#dfd-button-6a04c680cc8b1.dfd-button-module-wrap .dfd-button-module .dfd-button-link .dfd-button-inner-cover .dfd-button-text-hover,.dfd-button-6a04c680cc8b1.dfd-button-module-wrap .dfd-button-module:not(.style_6) .dfd-button-link:hover .dfd-button-inner-cover .dfd-button-text-main,.dfd-button-6a04c680cc8b1.dfd-button-module-wrap .dfd-button-module .dfd-button-link .dfd-button-inner-cover .dfd-button-text-hover {color: #ffffff;}#dfd-button-6a04c680cc8b1.dfd-button-module-wrap .dfd-button-module .dfd-button-link:hover .dfd-button-inner-cover,.dfd-button-6a04c680cc8b1.dfd-button-module-wrap .dfd-button-module .dfd-button-link:hover .dfd-button-border-decoration,.dfd-button-6a04c680cc8b1.dfd-button-module-wrap .dfd-button-module .dfd-button-link:hover .dfd-button-inner-cover {border-radius:2px;}#dfd-button-6a04c680cc8b1.dfd-button-module-wrap .dfd-button-module:not(.style_4) .dfd-button-link .dfd-button-inner-cover:after,#dfd-button-6a04c680cc8b1.dfd-button-module-wrap .dfd-button-module.style_4 .dfd-button-link .dfd-button-inner-cover:before,#dfd-button-6a04c680cc8b1.dfd-button-module-wrap .dfd-button-module .dfd-button-link .dfd-button-inner-cover .dfd-button-text-hover .dfd-button-6a04c680cc8b1.dfd-button-module-wrap .dfd-button-module:not(.style_4) .dfd-button-link .dfd-button-inner-cover:after,.dfd-button-6a04c680cc8b1.dfd-button-module-wrap .dfd-button-module.style_4 .dfd-button-link .dfd-button-inner-cover:before,.dfd-button-6a04c680cc8b1.dfd-button-module-wrap .dfd-button-module .dfd-button-link .dfd-button-inner-cover .dfd-button-text-hover {background: #c39f76;border-style:solid;border-width:1px;border-radius:2px;border-color:#c39f76;}#dfd-button-6a04c680cc8b1.dfd-button-module-wrap .dfd-button-module.style_3 .dfd-button-link:hover .dfd-button-inner-cover:before,#dfd-button-6a04c680cc8b1.dfd-button-module-wrap .dfd-button-module.style_4 .dfd-button-link:hover .dfd-button-inner-cover:before,.dfd-button-6a04c680cc8b1.dfd-button-module-wrap .dfd-button-module.style_3 .dfd-button-link:hover .dfd-button-inner-cover:before,.dfd-button-6a04c680cc8b1.dfd-button-module-wrap .dfd-button-module.style_4 .dfd-button-link:hover .dfd-button-inner-cover:before {border-style:solid;border-width:1px;border-radius:2px;border-color:#c39f76;}<\/style>\")\r\n\t\t\t\t\t\t\t\t\t})(jQuery);\r\n\t\t\t\t\t\t\t\t<\/script><\/div><div class=\"dfd-spacer-module\"  data-units=\"px\" data-wide_resolution=\"1280\" data-wide_size=\"55\" data-normal_resolution=\"1024\" data-normal_size=\"35\" data-tablet_resolution=\"800\" data-tablet_size=\"40\" data-mobile_resolution=\"480\" data-mobile_size=\"40\" style=\"height: 55px;\"><\/div>[vc_column_text css=&#8220;&#8220;]<\/p>\n<p style=\"text-align: center;\"><a href=\"https:\/\/kraftwerk-mels.ch\/index.php\/privacy-policy-2\/\">IMPRESSUM<\/a>\u00a0 &amp;\u00a0<a href=\"https:\/\/kraftwerk-mels.ch\/index.php\/privacy-policy\/\">DATENSCHUTZ<\/a><\/p>\n<p>[\/vc_column_text][\/vc_column][vc_column column_bg_check=&#8220;column-background-dark&#8220; width=&#8220;1\/3&#8243; col_shadow=&#8220;box_shadow_enable:disable|shadow_horizontal:0|shadow_vertical:15|shadow_blur:50|shadow_spread:0|box_shadow_color:rgba(0%2C0%2C0%2C.35)&#8220; col_shadow_hover=&#8220;box_shadow_enable:disable|shadow_horizontal:0|shadow_vertical:15|shadow_blur:50|shadow_spread:0|box_shadow_color:rgba(0%2C0%2C0%2C.35)&#8220;]<div class=\"dfd-spacer-module\"  data-units=\"px\" data-wide_resolution=\"1280\" data-wide_size=\"60\" data-normal_resolution=\"1024\" data-normal_size=\"60\" data-tablet_resolution=\"800\" data-tablet_size=\"60\" data-mobile_resolution=\"480\" data-mobile_size=\"40\" style=\"height: 60px;\"><\/div><div class=\"dfd-heading-shortcode\"><div class=\"dfd-heading-module-wrap dfd-custom-subtitle text-center style_02 cr-animate-gen dfd-heading-6a04c680cc97d dfd-disable-resposive-headings\" id=\"dfd-heading-6a04c680cc97d\" data-animate-type = \"transition.slideLeftBigIn\" ><div class=\"inline-block\"><div class=\"dfd-heading-module\"><div class=\"widget-sub-title dfd-sub-title subtitle\" style=\"font-family:Montserrat; font-size: 8px; color: #ffffff !important; letter-spacing: 2.2px; \">KRAFTWERK<\/div><h2 class=\"widget-title dfd-title \" style=\"color: #ffffff !important; line-height: 38px; \">Wo wir sind<\/p>\n<p>&nbsp;<\/p>\n<p><\/h2><\/div><\/div><\/div><script type=\"text\/javascript\">\r\n\t\t\t\t\t\t\t\t\t(function($) {\r\n\t\t\t\t\t\t\t\t\t\t$(\"head\").append(\"<style>.dfd-heading-6a04c680cc97d.dfd-heading-module-wrap .dfd-heading-module .dfd-heading-delimiter {margin-top:10px;margin-bottom:10px;}@media (max-width: 1023px) and (min-width: 800px){.dfd-heading-6a04c680cc97d .dfd-title{font-size: 26px !important;line-height: 36px !important;}}@media (max-width: 799px){.dfd-heading-6a04c680cc97d .dfd-title{font-size: 24px !important;line-height: 34px !important;}}@media (max-width: 1023px) and (min-width: 800px){.dfd-heading-6a04c680cc97d .dfd-sub-title{font-size: 10px !important;}}<\/style>\");\r\n\t\t\t\t\t\t\t\t\t})(jQuery);\r\n\t\t\t\t\t\t\t\t<\/script><\/div>[vc_single_image image=&#8220;706&#8243; alignment=&#8220;center&#8220; css=&#8220;&#8220; onclick=&#8220;img_link_large&#8220;]<div class=\"dfd-spacer-module\"  data-units=\"px\" data-wide_resolution=\"1280\" data-wide_size=\"55\" data-normal_resolution=\"1024\" data-normal_size=\"35\" data-tablet_resolution=\"800\" data-tablet_size=\"40\" data-mobile_resolution=\"480\" data-mobile_size=\"40\" style=\"height: 55px;\"><\/div>[\/vc_column][\/vc_row]<\/p>\n<\/div>","protected":false},"excerpt":{"rendered":"<p>[vc_row][vc_column][\/vc_column][\/vc_row][vc_row dfd_enable_overlay=&#8220;&#8220; dfd_row_responsive_enable=&#8220;dfd-row-responsive-enable&#8220; responsive_styles=&#8220;padding_left_mobile:20|padding_right_mobile:20&#8243;][vc_column][vc_column_text css=&#8220;&#8220;] KRAFTWERK MELS [\/vc_column_text][\/vc_column][\/vc_row][vc_row dfd_enable_overlay=&#8220;&#8220; dfd_row_responsive_enable=&#8220;dfd-row-responsive-enable&#8220; responsive_styles=&#8220;padding_left_tablet:10|padding_right_tablet:10|padding_left_mobile:20|padding_right_mobile:20&#8243;][vc_column width=&#8220;1\/2&#8243; col_shadow=&#8220;box_shadow_enable:disable|shadow_horizontal:0|shadow_vertical:15|shadow_blur:50|shadow_spread:0|box_shadow_color:rgba(0%2C0%2C0%2C0.35)&#8220; col_shadow_hover=&#8220;box_shadow_enable:disable|shadow_horizontal:0|shadow_vertical:15|shadow_blur:50|shadow_spread:0|box_shadow_color:rgba(0%2C0%2C0%2C0.35)&#8220;][vc_column_text css=&#8220;&#8220;]Kraftwerk Mels \u2013 Tafelfreuden. Wenn es mit Freunden, in der Firma oder der Familie etwas zu<\/p>\n","protected":false},"author":2,"featured_media":0,"parent":0,"menu_order":0,"comment_status":"closed","ping_status":"closed","template":"page-custom.php","meta":{"footnotes":""},"class_list":["post-1347","page","type-page","status-publish","hentry"],"_links":{"self":[{"href":"https:\/\/kraftwerk-mels.ch\/index.php\/wp-json\/wp\/v2\/pages\/1347","targetHints":{"allow":["GET"]}}],"collection":[{"href":"https:\/\/kraftwerk-mels.ch\/index.php\/wp-json\/wp\/v2\/pages"}],"about":[{"href":"https:\/\/kraftwerk-mels.ch\/index.php\/wp-json\/wp\/v2\/types\/page"}],"author":[{"embeddable":true,"href":"https:\/\/kraftwerk-mels.ch\/index.php\/wp-json\/wp\/v2\/users\/2"}],"replies":[{"embeddable":true,"href":"https:\/\/kraftwerk-mels.ch\/index.php\/wp-json\/wp\/v2\/comments?post=1347"}],"version-history":[{"count":10,"href":"https:\/\/kraftwerk-mels.ch\/index.php\/wp-json\/wp\/v2\/pages\/1347\/revisions"}],"predecessor-version":[{"id":1922,"href":"https:\/\/kraftwerk-mels.ch\/index.php\/wp-json\/wp\/v2\/pages\/1347\/revisions\/1922"}],"wp:attachment":[{"href":"https:\/\/kraftwerk-mels.ch\/index.php\/wp-json\/wp\/v2\/media?parent=1347"}],"curies":[{"name":"wp","href":"https:\/\/api.w.org\/{rel}","templated":true}]}}